{"id":373,"date":"2026-03-22T17:01:20","date_gmt":"2026-03-22T17:01:20","guid":{"rendered":"https:\/\/calzadossur.com\/?page_id=373"},"modified":"2026-03-22T17:34:55","modified_gmt":"2026-03-22T17:34:55","slug":"politica-de-privacidad","status":"publish","type":"page","link":"https:\/\/calzadossur.com\/en\/politica-de-privacidad\/","title":{"rendered":"Pol\u00edtica de Privacidad"},"content":{"rendered":"<h2 class=\"wp-block-heading\"><strong>I. POL\u00cdTICA DE PRIVACIDAD Y PROTECCI\u00d3N DE DATOS<\/strong><\/h2>\n\n\n\n<p>Respetando lo establecido en la legislaci\u00f3n vigente, Ana Mar\u00eda Mesa Atero (CALZADOS SUR) (en adelante, tambi\u00e9n Sitio Web) se compromete a adoptar las medidas t\u00e9cnicas y organizativas necesarias, seg\u00fan el nivel de seguridad adecuado al riesgo de los datos recogidos.<\/p>\n\n\n\n<h3 class=\"wp-block-heading\"><strong>Leyes que incorpora esta pol\u00edtica de privacidad<\/strong><\/h3>\n\n\n\n<p>Esta pol\u00edtica de privacidad est\u00e1 adaptada a la normativa espa\u00f1ola y europea vigente en materia de protecci\u00f3n de datos personales en internet. En concreto, la misma respeta las siguientes normas:<\/p>\n\n\n\n<ul class=\"wp-block-list\">\n<li>El Reglamento (UE) 2016\/679 del Parlamento Europeo y del Consejo, de 27 de abril de 2016, relativo a la protecci\u00f3n de las personas f\u00edsicas en lo que respecta al tratamiento de datos personales y a la libre circulaci\u00f3n de estos datos (RGPD).<\/li>\n\n\n\n<li>La Ley Org\u00e1nica 3\/2018, de 5 de diciembre, de Protecci\u00f3n de Datos Personales y garant\u00eda de los derechos digitales (LOPD-GDD).<\/li>\n\n\n\n<li>El Real Decreto 1720\/2007, de 21 de diciembre, por el que se aprueba el Reglamento de desarrollo de la Ley Org\u00e1nica 15\/1999, de 13 de diciembre, de Protecci\u00f3n de Datos de Car\u00e1cter Personal (RDLOPD).<\/li>\n\n\n\n<li>La Ley 34\/2002, de 11 de julio, de Servicios de la Sociedad de la Informaci\u00f3n y de Comercio Electr\u00f3nico (LSSI-CE).<\/li>\n<\/ul>\n\n\n\n<h3 class=\"wp-block-heading\"><strong>Identidad del responsable del tratamiento de los datos personales<\/strong><\/h3>\n\n\n\n<p>El responsable del tratamiento de los datos personales recogidos en Calzados Sur es: Ana Mar\u00eda Mesa Atero, con NIF\/CIF: 24216932W, cuyo representante es: Ana Mar\u00eda Mesa Atero (en adelante, Responsable del tratamiento). Sus datos de contacto son los siguientes:<\/p>\n\n\n\n<p>Direcci\u00f3n: Paseo Col\u00f3n, 33, Albolote, Granada, Espa\u00f1a<\/p>\n\n\n\n<p>Tel\u00e9fono de contacto: 958468457<\/p>\n\n\n\n<p>Email de contacto: comercial@calzadossur.com<\/p>\n\n\n\n<h3 class=\"wp-block-heading\"><strong>Registro de Datos de Car\u00e1cter Personal<\/strong><\/h3>\n\n\n\n<p>En cumplimiento de lo establecido en el RGPD y la LOPD-GDD, le informamos que los datos personales recabados por Ana Mar\u00eda Mesa Atero, mediante los formularios disponibles en sus p\u00e1ginas quedar\u00e1n incorporados y ser\u00e1n tratados con el fin de poder facilitar, agilizar y cumplir los compromisos establecidos entre Calzados Sur y el Usuario, o para atender una solicitud o consulta del mismo. El sitio web tiene car\u00e1cter exclusivamente informativo y de cat\u00e1logo de productos.<\/p>\n\n\n\n<h3 class=\"wp-block-heading\"><strong>Principios aplicables al tratamiento de los datos personales<\/strong><\/h3>\n\n\n\n<p>El tratamiento de los datos personales del Usuario se someter\u00e1 a los siguientes principios recogidos en el art\u00edculo 5 del RGPD:<\/p>\n\n\n\n<ul class=\"wp-block-list\">\n<li><strong>Principio de licitud, lealtad y transparencia: <\/strong>se requerir\u00e1 en todo momento el consentimiento del Usuario previa informaci\u00f3n completamente transparente de los fines para los cuales se recogen los datos personales.<\/li>\n\n\n\n<li><strong>Principio de limitaci\u00f3n de la finalidad: <\/strong>los datos personales ser\u00e1n recogidos con fines determinados, expl\u00edcitos y leg\u00edtimos.<\/li>\n\n\n\n<li><strong>Principio de minimizaci\u00f3n de datos: <\/strong>los datos personales recogidos ser\u00e1n \u00fanicamente los estrictamente necesarios en relaci\u00f3n con los fines para los que son tratados.<\/li>\n\n\n\n<li><strong>Principio de exactitud: <\/strong>los datos personales deben ser exactos y estar siempre actualizados.<\/li>\n\n\n\n<li><strong>Principio de limitaci\u00f3n del plazo de conservaci\u00f3n: <\/strong>los datos personales solo ser\u00e1n mantenidos de forma que se permita la identificaci\u00f3n del Usuario durante el tiempo necesario para los fines de su tratamiento.<\/li>\n\n\n\n<li><strong>Principio de integridad y confidencialidad: <\/strong>los datos personales ser\u00e1n tratados de manera que se garantice su seguridad y confidencialidad.<\/li>\n\n\n\n<li><strong>Principio de responsabilidad proactiva: <\/strong>el Responsable del tratamiento ser\u00e1 responsable de asegurar que los principios anteriores se cumplen.<\/li>\n<\/ul>\n\n\n\n<h3 class=\"wp-block-heading\"><strong>Base legal para el tratamiento de los datos personales<\/strong><\/h3>\n\n\n\n<p>La base legal para el tratamiento de los datos personales es el consentimiento. Ana Mar\u00eda Mesa Atero se compromete a recabar el consentimiento expreso y verificable del Usuario para el tratamiento de sus datos personales para uno o varios fines espec\u00edficos. El Usuario tendr\u00e1 derecho a retirar su consentimiento en cualquier momento.<\/p>\n\n\n\n<h3 class=\"wp-block-heading\"><strong>Fines del tratamiento a que se destinan los datos personales<\/strong><\/h3>\n\n\n\n<p>Los datos personales son recabados y gestionados por Ana Mar\u00eda Mesa Atero con las siguientes finalidades: (1) gestionar consultas y solicitudes de informaci\u00f3n; (2) mejorar la experiencia del usuario y el funcionamiento del sitio web; y (3) cumplir con las obligaciones legales aplicables. El sitio web tiene car\u00e1cter exclusivamente informativo y de cat\u00e1logo de productos, sin posibilidad de realizar compras online.<\/p>\n\n\n\n<h3 class=\"wp-block-heading\"><strong>Per\u00edodos de retenci\u00f3n de los datos personales<\/strong><\/h3>\n\n\n\n<p>Los datos personales solo ser\u00e1n retenidos durante el tiempo m\u00ednimo necesario para los fines de su tratamiento, o hasta que el Usuario solicite su supresi\u00f3n.<\/p>\n\n\n\n<h3 class=\"wp-block-heading\"><strong>Secreto y seguridad de los datos personales<\/strong><\/h3>\n\n\n\n<p>Ana Mar\u00eda Mesa Atero se compromete a adoptar las medidas t\u00e9cnicas y organizativas necesarias para garantizar la seguridad de los datos de car\u00e1cter personal y evitar su destrucci\u00f3n, p\u00e9rdida o alteraci\u00f3n accidental o il\u00edcita, o la comunicaci\u00f3n o acceso no autorizados a dichos datos.<\/p>\n\n\n\n<h3 class=\"wp-block-heading\"><strong>Derechos derivados del tratamiento de los datos personales<\/strong><\/h3>\n\n\n\n<p>El Usuario tiene derecho a ejercer frente al Responsable del tratamiento los siguientes derechos reconocidos en el RGPD y la LOPD-GDD:<\/p>\n\n\n\n<ul class=\"wp-block-list\">\n<li><strong>Derecho de acceso: <\/strong>obtener confirmaci\u00f3n sobre si se est\u00e1n tratando sus datos personales.<\/li>\n\n\n\n<li><strong>Derecho de rectificaci\u00f3n: <\/strong>modificar los datos personales inexactos o incompletos.<\/li>\n\n\n\n<li><strong>Derecho de supresi\u00f3n (\u00abel derecho al olvido\u00bb): <\/strong>obtener la supresi\u00f3n de sus datos personales cuando ya no sean necesarios.<\/li>\n\n\n\n<li><strong>Derecho a la limitaci\u00f3n del tratamiento: <\/strong>limitar el tratamiento de sus datos personales.<\/li>\n\n\n\n<li><strong>Derecho a la portabilidad de los datos: <\/strong>recibir sus datos en un formato estructurado y de uso com\u00fan.<\/li>\n\n\n\n<li><strong>Derecho de oposici\u00f3n: <\/strong>oponerse al tratamiento de sus datos personales.<\/li>\n<\/ul>\n\n\n\n<p>Para ejercer estos derechos, el Usuario podr\u00e1 dirigirse a:<\/p>\n\n\n\n<p>Direcci\u00f3n postal: Paseo Col\u00f3n, 33, Albolote, Granada, Espa\u00f1a<\/p>\n\n\n\n<p>Correo electr\u00f3nico: comercial@calzadossur.com<\/p>\n\n\n\n<h3 class=\"wp-block-heading\"><strong>Reclamaciones ante la autoridad de control<\/strong><\/h3>\n\n\n\n<p>En caso de que el Usuario considere que existe un problema en la forma en la que se est\u00e1n tratando sus datos personales, podr\u00e1 presentar una reclamaci\u00f3n ante la Agencia Espa\u00f1ola de Protecci\u00f3n de Datos (https:\/\/www.aepd.es\/).<\/p>\n\n\n\n<h2 class=\"wp-block-heading\"><strong>II. ACEPTACI\u00d3N Y CAMBIOS EN ESTA POL\u00cdTICA DE PRIVACIDAD<\/strong><\/h2>\n\n\n\n<p>Es necesario que el Usuario haya le\u00eddo y est\u00e9 conforme con las condiciones sobre la protecci\u00f3n de datos contenidas en esta Pol\u00edtica de Privacidad. El uso del Sitio Web implicar\u00e1 la aceptaci\u00f3n de la misma.<\/p>\n\n\n\n<p>Ana Mar\u00eda Mesa Atero se reserva el derecho a modificar su Pol\u00edtica de Privacidad motivado por un cambio legislativo o criterio propio. Se recomienda al Usuario consultar esta p\u00e1gina de forma peri\u00f3dica para estar al tanto de los \u00faltimos cambios.<\/p>\n\n\n\n<p><em>\u00daltima actualizaci\u00f3n: 22 de marzo de 2026<\/em><\/p>\n\n\n\n<p><\/p>","protected":false},"excerpt":{"rendered":"<p>I. POL\u00cdTICA DE PRIVACIDAD Y PROTECCI\u00d3N DE DATOS Respetando lo establecido en la legislaci\u00f3n vigente, Ana Mar\u00eda Mesa Atero (CALZADOS SUR) (en adelante, tambi\u00e9n Sitio Web) se compromete a adoptar las medidas t\u00e9cnicas y organizativas necesarias, seg\u00fan el nivel de seguridad adecuado al riesgo de los datos recogidos. Leyes que incorpora esta pol\u00edtica de privacidad [&hellip;]<\/p>\n","protected":false},"author":1,"featured_media":0,"parent":0,"menu_order":0,"comment_status":"closed","ping_status":"closed","template":"","meta":{"footnotes":""},"class_list":["post-373","page","type-page","status-publish","hentry"],"blocksy_meta":[],"_links":{"self":[{"href":"https:\/\/calzadossur.com\/en\/wp-json\/wp\/v2\/pages\/373","targetHints":{"allow":["GET"]}}],"collection":[{"href":"https:\/\/calzadossur.com\/en\/wp-json\/wp\/v2\/pages"}],"about":[{"href":"https:\/\/calzadossur.com\/en\/wp-json\/wp\/v2\/types\/page"}],"author":[{"embeddable":true,"href":"https:\/\/calzadossur.com\/en\/wp-json\/wp\/v2\/users\/1"}],"replies":[{"embeddable":true,"href":"https:\/\/calzadossur.com\/en\/wp-json\/wp\/v2\/comments?post=373"}],"version-history":[{"count":6,"href":"https:\/\/calzadossur.com\/en\/wp-json\/wp\/v2\/pages\/373\/revisions"}],"predecessor-version":[{"id":384,"href":"https:\/\/calzadossur.com\/en\/wp-json\/wp\/v2\/pages\/373\/revisions\/384"}],"wp:attachment":[{"href":"https:\/\/calzadossur.com\/en\/wp-json\/wp\/v2\/media?parent=373"}],"curies":[{"name":"wp","href":"https:\/\/api.w.org\/{rel}","templated":true}]}}