{"id":379,"date":"2026-03-22T17:06:50","date_gmt":"2026-03-22T17:06:50","guid":{"rendered":"https:\/\/calzadossur.com\/?page_id=379"},"modified":"2026-03-22T17:36:53","modified_gmt":"2026-03-22T17:36:53","slug":"politica-de-cookies","status":"publish","type":"page","link":"https:\/\/calzadossur.com\/en\/politica-de-cookies\/","title":{"rendered":"Pol\u00edtica de Cookies"},"content":{"rendered":"<h2 class=\"wp-block-heading\"><strong>I. \u00bfQU\u00c9 SON LAS COOKIES?<\/strong><\/h2>\n\n\n\n<p>Una cookie es un fichero que se descarga en su ordenador, smartphone o tablet al acceder a determinadas p\u00e1ginas web. Las cookies permiten a una p\u00e1gina web, entre otras cosas, almacenar y recuperar informaci\u00f3n sobre los h\u00e1bitos de navegaci\u00f3n de un usuario o de su equipo y, dependiendo de la informaci\u00f3n que contengan y de la forma en que utilice su equipo, pueden utilizarse para reconocer al usuario.<\/p>\n\n\n\n<p>Las cookies son esenciales para el funcionamiento de internet, ya que ayudan a realizar numerosas tareas como, por ejemplo, que una p\u00e1gina web recuerde sus preferencias de idioma o evitar que tenga que iniciar sesi\u00f3n cada vez que accede a una \u00e1rea restringida.<\/p>\n\n\n\n<h2 class=\"wp-block-heading\"><strong>II. TIPOS DE COOKIES UTILIZADAS<\/strong><\/h2>\n\n\n\n<h3 class=\"wp-block-heading\"><strong>Por su titularidad<\/strong><\/h3>\n\n\n\n<ul class=\"wp-block-list\">\n<li><strong>Cookies propias: <\/strong>son aquellas que se env\u00edan al equipo terminal del usuario desde un equipo o dominio gestionado por el propio editor y desde el que se presta el servicio solicitado por el usuario.<\/li>\n\n\n\n<li><strong>Cookies de terceros: <\/strong>son aquellas que se env\u00edan al equipo terminal del usuario desde un equipo o dominio que no es gestionado por el editor, sino por otra entidad que trata los datos obtenidos a trav\u00e9s de las cookies.<\/li>\n<\/ul>\n\n\n\n<h3 class=\"wp-block-heading\"><strong>Por su finalidad<\/strong><\/h3>\n\n\n\n<ul class=\"wp-block-list\">\n<li><strong>Cookies t\u00e9cnicas: <\/strong>son aquellas necesarias para la navegaci\u00f3n y el buen funcionamiento del sitio web. Permiten, por ejemplo, controlar el tr\u00e1fico y la comunicaci\u00f3n de datos, acceder a partes de acceso restringido, utilizar elementos de seguridad o almacenar contenidos para la difusi\u00f3n de v\u00eddeos o sonido.<\/li>\n\n\n\n<li><strong>Cookies de personalizaci\u00f3n: <\/strong>permiten al usuario acceder al servicio con algunas caracter\u00edsticas de car\u00e1cter general predefinidas en funci\u00f3n de una serie de criterios en el terminal del usuario, como por ejemplo el idioma, el tipo de navegador o la regi\u00f3n desde la que accede al servicio.<\/li>\n\n\n\n<li><strong>Cookies de an\u00e1lisis: <\/strong>permiten al responsable de las mismas el seguimiento y an\u00e1lisis del comportamiento de los usuarios de los sitios web a los que est\u00e1n vinculadas, con el fin de introducir mejoras en el servicio.<\/li>\n<\/ul>\n\n\n\n<h3 class=\"wp-block-heading\"><strong>Por su duraci\u00f3n<\/strong><\/h3>\n\n\n\n<ul class=\"wp-block-list\">\n<li><strong>Cookies de sesi\u00f3n: <\/strong>son cookies temporales que permanecen en el archivo de cookies de su navegador hasta que abandone la p\u00e1gina web, por lo que ninguna queda registrada en el disco duro del usuario.<\/li>\n\n\n\n<li><strong>Cookies persistentes: <\/strong>son un tipo de cookies en el que los datos siguen almacenados en el terminal y pueden ser accedidos y tratados durante un periodo definido por el responsable de la cookie, que puede ir de unos minutos a varios a\u00f1os.<\/li>\n<\/ul>\n\n\n\n<h2 class=\"wp-block-heading\"><strong>III. COOKIES UTILIZADAS EN ESTE SITIO WEB<\/strong><\/h2>\n\n\n\n<p>El sitio web https:\/\/calzadossur.com utiliza \u00fanicamente cookies t\u00e9cnicas propias, estrictamente necesarias para el correcto funcionamiento de la p\u00e1gina y para recordar las preferencias del usuario (como el idioma seleccionado). No se utilizan cookies de seguimiento, publicidad o an\u00e1lisis de terceros.<\/p>\n\n\n\n<p>Las cookies utilizadas en este sitio web son las siguientes:<\/p>\n\n\n\n<ul class=\"wp-block-list\">\n<li><strong>Cookies de sesi\u00f3n de WordPress: <\/strong>necesarias para el funcionamiento interno del gestor de contenidos.<\/li>\n\n\n\n<li><strong>Cookies de preferencias de idioma: <\/strong>utilizadas por el plugin de traducci\u00f3n para recordar el idioma seleccionado por el usuario.<\/li>\n\n\n\n<li><strong>Cookies de consentimiento: <\/strong>utilizadas para recordar las preferencias de consentimiento del usuario respecto al uso de cookies.<\/li>\n<\/ul>\n\n\n\n<h2 class=\"wp-block-heading\"><strong>IV. C\u00d3MO GESTIONAR LAS COOKIES<\/strong><\/h2>\n\n\n\n<p>El usuario puede permitir, bloquear o eliminar las cookies instaladas en su equipo mediante la configuraci\u00f3n de las opciones del navegador instalado en su ordenador. A continuaci\u00f3n, le indicamos c\u00f3mo hacerlo en los principales navegadores:<\/p>\n\n\n\n<ul class=\"wp-block-list\">\n<li><strong>Google Chrome: <\/strong>Configuraci\u00f3n \u2192 Privacidad y seguridad \u2192 Cookies y otros datos de sitios<\/li>\n\n\n\n<li><strong>Mozilla Firefox: <\/strong>Opciones \u2192 Privacidad y seguridad \u2192 Cookies y datos del sitio<\/li>\n\n\n\n<li><strong>Safari: <\/strong>Preferencias \u2192 Privacidad \u2192 Gestionar datos de sitios web<\/li>\n\n\n\n<li><strong>Microsoft Edge: <\/strong>Configuraci\u00f3n \u2192 Privacidad, b\u00fasqueda y servicios \u2192 Cookies<\/li>\n<\/ul>\n\n\n\n<p>Tenga en cuenta que bloquear o eliminar las cookies puede afectar al correcto funcionamiento del sitio web y a su experiencia de navegaci\u00f3n.<\/p>\n\n\n\n<h2 class=\"wp-block-heading\"><strong>V. ACTUALIZACIONES Y CAMBIOS EN LA POL\u00cdTICA DE COOKIES<\/strong><\/h2>\n\n\n\n<p>Calzados Sur puede modificar esta Pol\u00edtica de Cookies en funci\u00f3n de exigencias legislativas, reglamentarias, o con la finalidad de adaptar dicha pol\u00edtica a las instrucciones dictadas por la Agencia Espa\u00f1ola de Protecci\u00f3n de Datos. Por ello, se aconseja a los usuarios que visiten peri\u00f3dicamente esta p\u00e1gina con el objetivo de estar al tanto de los \u00faltimos cambios o actualizaciones.<\/p>\n\n\n\n<p>Cuando se produzcan cambios significativos en esta Pol\u00edtica de Cookies, se comunicar\u00e1 a los usuarios mediante un aviso en el sitio web.<\/p>\n\n\n\n<h2 class=\"wp-block-heading\"><strong>VI. CONTACTO<\/strong><\/h2>\n\n\n\n<p>Para cualquier consulta relacionada con el uso de cookies en este sitio web, puede ponerse en contacto con nosotros a trav\u00e9s de los siguientes medios:<\/p>\n\n\n\n<p>Titular: Ana Mar\u00eda Mesa Atero<\/p>\n\n\n\n<p>Direcci\u00f3n: Paseo Col\u00f3n, 33, Albolote, Granada, Espa\u00f1a<\/p>\n\n\n\n<p>Correo electr\u00f3nico: comercial@calzadossur.com<\/p>\n\n\n\n<p>Tel\u00e9fono: 958468457<\/p>\n\n\n\n<p><em>\u00daltima actualizaci\u00f3n: 22 de marzo de 2026<\/em><\/p>\n\n\n\n<p><\/p>","protected":false},"excerpt":{"rendered":"<p>I. \u00bfQU\u00c9 SON LAS COOKIES? Una cookie es un fichero que se descarga en su ordenador, smartphone o tablet al acceder a determinadas p\u00e1ginas web. Las cookies permiten a una p\u00e1gina web, entre otras cosas, almacenar y recuperar informaci\u00f3n sobre los h\u00e1bitos de navegaci\u00f3n de un usuario o de su equipo y, dependiendo de la [&hellip;]<\/p>\n","protected":false},"author":1,"featured_media":0,"parent":0,"menu_order":0,"comment_status":"closed","ping_status":"closed","template":"","meta":{"footnotes":""},"class_list":["post-379","page","type-page","status-publish","hentry"],"blocksy_meta":[],"_links":{"self":[{"href":"https:\/\/calzadossur.com\/en\/wp-json\/wp\/v2\/pages\/379","targetHints":{"allow":["GET"]}}],"collection":[{"href":"https:\/\/calzadossur.com\/en\/wp-json\/wp\/v2\/pages"}],"about":[{"href":"https:\/\/calzadossur.com\/en\/wp-json\/wp\/v2\/types\/page"}],"author":[{"embeddable":true,"href":"https:\/\/calzadossur.com\/en\/wp-json\/wp\/v2\/users\/1"}],"replies":[{"embeddable":true,"href":"https:\/\/calzadossur.com\/en\/wp-json\/wp\/v2\/comments?post=379"}],"version-history":[{"count":3,"href":"https:\/\/calzadossur.com\/en\/wp-json\/wp\/v2\/pages\/379\/revisions"}],"predecessor-version":[{"id":386,"href":"https:\/\/calzadossur.com\/en\/wp-json\/wp\/v2\/pages\/379\/revisions\/386"}],"wp:attachment":[{"href":"https:\/\/calzadossur.com\/en\/wp-json\/wp\/v2\/media?parent=379"}],"curies":[{"name":"wp","href":"https:\/\/api.w.org\/{rel}","templated":true}]}}